{"id":20935,"date":"2023-03-30T08:22:46","date_gmt":"2023-03-30T08:22:46","guid":{"rendered":"https:\/\/www.autovintage.tv\/staging\/?page_id=20935"},"modified":"2023-03-30T14:20:23","modified_gmt":"2023-03-30T14:20:23","slug":"informativa-privacy","status":"publish","type":"page","link":"https:\/\/www.autovintage.tv\/staging\/it\/informativa-privacy\/","title":{"rendered":"<strong>INFORMATIVA PRIVACY<\/strong>"},"content":{"rendered":"\t\t<div data-elementor-type=\"wp-page\" data-elementor-id=\"20935\" class=\"elementor elementor-20935\">\n\t\t\t\t\t\t\t\t\t<section class=\"elementor-section elementor-top-section elementor-element elementor-element-feee16c elementor-section-boxed elementor-section-height-default elementor-section-height-default\" data-id=\"feee16c\" data-element_type=\"section\">\n\t\t\t\t\t\t<div class=\"elementor-container elementor-column-gap-default\">\n\t\t\t\t\t<div class=\"elementor-column elementor-col-33 elementor-top-column elementor-element elementor-element-63b0ae7\" data-id=\"63b0ae7\" data-element_type=\"column\">\n\t\t\t<div class=\"elementor-widget-wrap\">\n\t\t\t\t\t\t\t\t\t<\/div>\n\t\t<\/div>\n\t\t\t\t<div class=\"elementor-column elementor-col-33 elementor-top-column elementor-element elementor-element-9b0487e\" data-id=\"9b0487e\" data-element_type=\"column\">\n\t\t\t<div class=\"elementor-widget-wrap elementor-element-populated\">\n\t\t\t\t\t\t\t\t<div class=\"elementor-element elementor-element-aef30ef elementor-widget elementor-widget-image\" data-id=\"aef30ef\" data-element_type=\"widget\" data-widget_type=\"image.default\">\n\t\t\t\t<div class=\"elementor-widget-container\">\n\t\t\t<style>\/*! elementor - v3.12.1 - 02-04-2023 *\/\n.elementor-widget-image{text-align:center}.elementor-widget-image a{display:inline-block}.elementor-widget-image a img[src$=\".svg\"]{width:48px}.elementor-widget-image img{vertical-align:middle;display:inline-block}<\/style>\t\t\t\t\t\t\t\t\t\t\t\t<img decoding=\"async\" width=\"634\" height=\"423\" src=\"https:\/\/www.autovintage.tv\/staging\/wp-content\/uploads\/privacy-policy.jpeg\" class=\"attachment-large size-large wp-image-20937\" alt=\"\" loading=\"lazy\" srcset=\"https:\/\/www.autovintage.tv\/staging\/wp-content\/uploads\/privacy-policy.jpeg 634w, https:\/\/www.autovintage.tv\/staging\/wp-content\/uploads\/privacy-policy-300x200.jpeg 300w\" sizes=\"(max-width: 634px) 100vw, 634px\" \/>\t\t\t\t\t\t\t\t\t\t\t\t\t\t\t<\/div>\n\t\t\t\t<\/div>\n\t\t\t\t\t<\/div>\n\t\t<\/div>\n\t\t\t\t<div class=\"elementor-column elementor-col-33 elementor-top-column elementor-element elementor-element-f0216c2\" data-id=\"f0216c2\" data-element_type=\"column\">\n\t\t\t<div class=\"elementor-widget-wrap\">\n\t\t\t\t\t\t\t\t\t<\/div>\n\t\t<\/div>\n\t\t\t\t\t\t\t<\/div>\n\t\t<\/section>\n\t\t\t\t<section class=\"elementor-section elementor-top-section elementor-element elementor-element-65d9f9f elementor-section-boxed elementor-section-height-default elementor-section-height-default\" data-id=\"65d9f9f\" data-element_type=\"section\">\n\t\t\t\t\t\t<div class=\"elementor-container elementor-column-gap-default\">\n\t\t\t\t\t<div class=\"elementor-column elementor-col-100 elementor-top-column elementor-element elementor-element-1b03702\" data-id=\"1b03702\" data-element_type=\"column\">\n\t\t\t<div class=\"elementor-widget-wrap elementor-element-populated\">\n\t\t\t\t\t\t\t\t<div class=\"elementor-element elementor-element-af052c5 elementor-widget elementor-widget-text-editor\" data-id=\"af052c5\" data-element_type=\"widget\" data-widget_type=\"text-editor.default\">\n\t\t\t\t<div class=\"elementor-widget-container\">\n\t\t\t<style>\/*! elementor - v3.12.1 - 02-04-2023 *\/\n.elementor-widget-text-editor.elementor-drop-cap-view-stacked .elementor-drop-cap{background-color:#69727d;color:#fff}.elementor-widget-text-editor.elementor-drop-cap-view-framed .elementor-drop-cap{color:#69727d;border:3px solid;background-color:transparent}.elementor-widget-text-editor:not(.elementor-drop-cap-view-default) .elementor-drop-cap{margin-top:8px}.elementor-widget-text-editor:not(.elementor-drop-cap-view-default) .elementor-drop-cap-letter{width:1em;height:1em}.elementor-widget-text-editor .elementor-drop-cap{float:left;text-align:center;line-height:1;font-size:50px}.elementor-widget-text-editor .elementor-drop-cap-letter{display:inline-block}<\/style>\t\t\t\t<p>In ottemperanza degli obblighi derivanti dalla normativa nazionale (D. Lgs 30 giugno 2003 n. 196, Codice in materia di protezione dei dati personali e successive modifiche, aggiornato al D.Lgs 101\/2018) e comunitaria, (Regolamento europeo per la protezione dei dati personali n. 679\/2016, GDPR) e successive modifiche, il presente sito rispetta e tutela la riservatezza dei visitatori e degli utenti, ponendo in essere ogni sforzo possibile e proporzionato per non ledere i diritti degli utenti.<\/p><p>La presente privacy policy si applica esclusivamente alle attivit\u00e0 online del presente sito ed \u00e8 valida per i visitatori\/utenti del sito. Non si applica alle informazioni raccolte tramite canali diversi dal presente sito web.\u00a0Lo scopo dell\u2019informativa privacy \u00e8 di fornire la massima trasparenza relativamente alle informazioni che il sito raccoglie e come le usa.<\/p><p><strong>Base giuridica del trattamento<\/strong><\/p><p><strong>Il presente sito tratta i dati in base al consenso.<\/strong>\u00a0Il conferimento dei dati e quindi il Consenso alla raccolta e al trattamento dei dati \u00e8 facoltativo, l\u2019Utente pu\u00f2 negare il consenso, e pu\u00f2 revocare in qualsiasi momento un consenso gi\u00e0 fornito. Tuttavia, negare il consenso pu\u00f2 comportare l\u2019impossibilit\u00e0 di erogare alcuni servizi e l\u2019esperienza di navigazione nel sito potrebbe essere compromessa.\u00a0A partire dal 25 maggio 2018 (data di entrata in vigore del GDPR), il presente sito tratter\u00e0 alcuni dei dati in base ai legittimi interessi del titolare del trattamento.<\/p><p><strong>Dati raccolti, finalit\u00e0 e conservazione<\/strong><\/p><p>Il presente sito fa uso di log files nei quali vengono conservate<strong>\u00a0informazioni raccolte in maniera automatizzata<\/strong>\u00a0durante le visite degli utenti. Le informazioni raccolte potrebbero essere le seguenti:<\/p><p>\u2013 indirizzo internet protocol (IP);<br \/>\u2013 tipo di browser e parametri del dispositivo usato per connettersi al sito;<br \/>\u2013 nome dell\u2019internet service provider (ISP);<br \/>\u2013 data e orario di visita;<br \/>\u2013 pagina web di provenienza del visitatore (referral) e di uscita;<br \/>\u2013 eventualmente il numero di click.<\/p><p>Le suddette informazioni sono trattate in forma automatizzata e raccolte in forma esclusivamente aggregata al fine di verificare il corretto funzionamento del sito, e per motivi di sicurezza (dal 25 maggio 2018 tali informazioni saranno trattate in base ai legittimi interessi del titolare).<br \/>A fini di sicurezza (filtri antispam, firewall, rilevazione virus), i dati registrati automaticamente possono eventualmente comprendere anche dati personali come l\u2019indirizzo Ip, che potrebbe essere utilizzato, conformemente alle leggi vigenti in materia, al fine di bloccare tentativi di danneggiamento al sito medesimo o di recare danno ad altri utenti, o comunque attivit\u00e0 dannose o costituenti reato. Tali dati non sono mai utilizzati per l\u2019identificazione o la profilazione dell\u2019utente, ma solo a fini di tutela del sito e dei suoi utenti (dal 25 maggio 2018 tali informazioni saranno trattate in base ai legittimi interessi del titolare).<\/p><p>In alcune sezioni del sito, saranno richiesti alcuni dati personali per espletare singole richieste da parte dell\u2019utente. Questi saranno trattati in relazione alle singole finalit\u00e0.<\/p><p>I dati ricevuti verranno utilizzati esclusivamente per:\u00a0<\/p><p>\u00a0<\/p><ul><li>Rispondere alle mail che arriveranno mediante il form di contatto<\/li><li>Evadere le eventuali richieste di assistenza pervenute mediante WhatsApp<\/li><li>Rispondere ai commenti che gli utenti scriveranno sotto un singolo post mediante compilazione apposito form<\/li><\/ul><p>I dati raccolti dal sito durante il suo funzionamento sono utilizzati esclusivamente per le finalit\u00e0 indicate e conservati per il tempo necessario a svolgere le attivit\u00e0 precisate o se del caso fino a richiesta di cancellazione di eventuali account registrati sul sito stesso. In ogni caso, i dati rilevati dal sito non saranno forniti mai a terzi, per nessuna ragione, a meno che non si tratti di legittima richiesta da parte dell\u2019autorit\u00e0 giudiziaria e nei soli casi previsti dalla legge.\u00a0<\/p><p><strong>Luogo del trattamento<\/strong><\/p><p>I dati raccolti dal sito sono trattati presso il datacenter di Auto Vintage &amp; More<\/p><p><strong>Trasferimento dei dati<\/strong><\/p><p>Ai sensi del Regolamento UE 2016\/679 sulla protezione dei dati (GDPR, General Data Protection Regulation UE 2016\/679) si segnala che i dati conferiti ad Auto Vintage &amp; More sono memorizzati in Italia e non sono trasferiti in altri paesi n\u00e9 all\u2019interno e all\u2019esterno della UE.<\/p><p>\u00a0<\/p><p><strong>Diritti degli interessati<\/strong><\/p><p><strong>\u00a0<\/strong><\/p><p>Ai sensi del GDPR 2016\/679, l\u2019interessato potr\u00e0 rivolgersi a Auto Vintage &amp; More all\u2019indirizzo e-mail info@autovintage.tv per far valere i seguenti diritti:<\/p><ul><li>Conoscere l\u2019esistenza di trattamenti di dati che possono riguardarlo<\/li><li>Ottenere la conferma dell\u2019esistenza o meno di dati personali che lo riguardano, anche se non ancora registrati, e la comunicazione in forma intelligibile dei medesimi dati e della loro origine, nonch\u00e9 della logica e delle finalit\u00e0 su cui si basa il trattamento;<\/li><li>Ottenere la cancellazione, la trasformazione in forma anonima od il blocco dei dati trattati in violazione di legge, compresi quelli di cui non \u00e8 necessaria la conservazione in relazione agli scopi per i quali i dati sono stati raccolti o successivamente trattati;<\/li><li>Conoscere l\u2019origine dei dati personali;<\/li><li>Essere informato sulle finalit\u00e0 e modalit\u00e0 del Trattamento<\/li><li>Conoscere la logica applicata in caso di trattamento effettuato con l\u2019ausilio di strumenti elettronici;<\/li><li>Essere informato sul trasferimento dei dati personali da paesi appartenenti all\u2019UE verso Paesi \u201cterzi\u201d (non appartenenti all\u2019UE o allo Spazio Economico Europeo)<\/li><li>Conoscere gli estremi identificativi del titolare, dei responsabili e del rappresentante designato ai sensi dell\u2019articolo 27 del Regolamento 2016\/679.<\/li><li>Conoscere i soggetti o le categorie di soggetti ai quali i dati personali possono essere comunicati o che possono venirne a conoscenza in qualit\u00e0 di Responsabile del Trattamento o incaricati.<\/li><li>Ottenere l\u2019aggiornamento, la rettifica ovvero, qualora vi abbia interesse, l\u2019integrazione dei dati;<\/li><li>L\u2019interessato ha diritto di opporsi, in tutto o in parte:<ul><li>per motivi legittimi al trattamento dei dati personali che lo riguardano, ancorch\u00e9 pertinenti allo scopo della raccolta;<\/li><li>al trattamento di dati personali che lo riguardano a fini di invio di materiale pubblicitario o di vendita diretta o per il compimento di ricerche di mercato o di comunicazione commerciale.<\/li><\/ul><\/li><\/ul><p>In ogni caso l\u2019Utente rester\u00e0 libero in ogni momento di revocare i consensi dallo stesso prestati, inviando senza formalit\u00e0 una comunicazione in tal senso a Auto Vintage &amp; More all\u2019indirizzo info@autovintage.tv<\/p><p>\u00a0<\/p><ul><li><ul><li>Opporsi, in tutto o in parte, per motivi legittimi, al trattamento dei dati personali che lo riguardano, ancorch\u00e9 pertinenti allo scopo della raccolta.<\/li><li>Trasferire liberamente i propri dati personali ad altri fornitori di servizi<\/li><li>richiedere la modifica, cancellazione e rimozione dei propri dati<\/li><li>Poter presentare un reclamo all\u2019autorit\u00e0 di controllo.<\/li><\/ul><\/li><\/ul><p><strong>Titolare del trattamento\u00a0<\/strong><\/p><p>Titolare del trattamento ai sensi delle leggi vigenti \u00e8 Auto Vintage &amp; More. con sede in Via della Cooperazione 7, 31033 \u2013 Castelfranco Veneto (TV) Telefono +39 349 3793427 &#8211;\u00a0 +39 347 4560842\u00a0 \u2013 e-mail: info@autovintage.tv<\/p><p>\u00a0<\/p><p><strong>Responsabile della protezione dei dati<\/strong><\/p><p>Il Responsabile della protezione dei dati \u00e8 contattabile presso gli uffici Auto Vintage &amp; More in Via della Cooperazione 7, 31033 \u2013 Castelfranco Veneto (TV) o tramite e-mail al seguente indirizzo: info@autovintage.tv<\/p><p>\u00a0<\/p><p><strong>Aggiornamenti<\/strong><\/p><p>La presente privacy policy \u00e8 aggiornata alla data 13 marzo 2023<\/p>\t\t\t\t\t\t<\/div>\n\t\t\t\t<\/div>\n\t\t\t\t\t<\/div>\n\t\t<\/div>\n\t\t\t\t\t\t\t<\/div>\n\t\t<\/section>\n\t\t\t\t\t\t\t<\/div>\n\t\t","protected":false},"excerpt":{"rendered":"<p>In ottemperanza degli obblighi derivanti dalla normativa nazionale (D. Lgs 30 giugno 2003 n. 196, Codice in materia di protezione dei dati personali e successive modifiche, aggiornato al D.Lgs 101\/2018) e comunitaria, (Regolamento europeo per la protezione dei dati personali n. 679\/2016, GDPR) e successive modifiche, il presente sito rispetta e tutela la riservatezza dei [&hellip;]<\/p>\n","protected":false},"author":2,"featured_media":0,"parent":0,"menu_order":0,"comment_status":"closed","ping_status":"closed","template":"","meta":[],"_links":{"self":[{"href":"https:\/\/www.autovintage.tv\/staging\/wp-json\/wp\/v2\/pages\/20935"}],"collection":[{"href":"https:\/\/www.autovintage.tv\/staging\/wp-json\/wp\/v2\/pages"}],"about":[{"href":"https:\/\/www.autovintage.tv\/staging\/wp-json\/wp\/v2\/types\/page"}],"author":[{"embeddable":true,"href":"https:\/\/www.autovintage.tv\/staging\/wp-json\/wp\/v2\/users\/2"}],"replies":[{"embeddable":true,"href":"https:\/\/www.autovintage.tv\/staging\/wp-json\/wp\/v2\/comments?post=20935"}],"version-history":[{"count":19,"href":"https:\/\/www.autovintage.tv\/staging\/wp-json\/wp\/v2\/pages\/20935\/revisions"}],"predecessor-version":[{"id":24048,"href":"https:\/\/www.autovintage.tv\/staging\/wp-json\/wp\/v2\/pages\/20935\/revisions\/24048"}],"wp:attachment":[{"href":"https:\/\/www.autovintage.tv\/staging\/wp-json\/wp\/v2\/media?parent=20935"}],"curies":[{"name":"wp","href":"https:\/\/api.w.org\/{rel}","templated":true}]}}